{"id":7899,"date":"2025-12-22T17:25:22","date_gmt":"2025-12-22T16:25:22","guid":{"rendered":"https:\/\/winter-fest.eu\/new\/panier\/"},"modified":"2026-01-03T16:49:20","modified_gmt":"2026-01-03T15:49:20","slug":"panier","status":"publish","type":"page","link":"https:\/\/winter-fest.eu\/new\/panier\/","title":{"rendered":"Panier"},"content":{"rendered":"\n<div data-block-name=\"woocommerce\/cart\" class=\"wp-block-woocommerce-cart alignwide is-loading\">\n<div data-block-name=\"woocommerce\/filled-cart-block\" class=\"wp-block-woocommerce-filled-cart-block\">\n<div data-block-name=\"woocommerce\/cart-items-block\" class=\"wp-block-woocommerce-cart-items-block\">\n<div data-block-name=\"woocommerce\/cart-line-items-block\" class=\"wp-block-woocommerce-cart-line-items-block\"><\/div>\n\n\n<\/div>\n\n\n\n\n<div data-block-name=\"woocommerce\/cart-totals-block\" class=\"wp-block-woocommerce-cart-totals-block\">\n<div data-block-name=\"woocommerce\/cart-order-summary-block\" class=\"wp-block-woocommerce-cart-order-summary-block\">\n<div data-block-name=\"woocommerce\/cart-order-summary-heading-block\" class=\"wp-block-woocommerce-cart-order-summary-heading-block\"><\/div><div data-block-name=\"woocommerce\/cart-order-summary-coupon-form-block\" class=\"wp-block-woocommerce-cart-order-summary-coupon-form-block\"><\/div><div data-block-name=\"woocommerce\/cart-order-summary-totals-block\" class=\"wp-block-woocommerce-cart-order-summary-totals-block\">\n<div data-block-name=\"woocommerce\/cart-order-summary-subtotal-block\" class=\"wp-block-woocommerce-cart-order-summary-subtotal-block\"><\/div>\n<div data-block-name=\"woocommerce\/cart-order-summary-discount-block\" class=\"wp-block-woocommerce-cart-order-summary-discount-block\"><\/div>\n<div data-block-name=\"woocommerce\/cart-order-summary-fee-block\" class=\"wp-block-woocommerce-cart-order-summary-fee-block\"><\/div>\n<div data-block-name=\"woocommerce\/cart-order-summary-shipping-block\" class=\"wp-block-woocommerce-cart-order-summary-shipping-block\"><\/div>\n<div data-block-name=\"woocommerce\/cart-order-summary-taxes-block\" class=\"wp-block-woocommerce-cart-order-summary-taxes-block\"><\/div><\/div>\n<\/div>\n\n\n\n<div data-block-name=\"woocommerce\/cart-express-payment-block\" class=\"wp-block-woocommerce-cart-express-payment-block\"><\/div>\n\n\n\n<div data-block-name=\"woocommerce\/proceed-to-checkout-block\" class=\"wp-block-woocommerce-proceed-to-checkout-block\"><\/div>\n\n\n\n<div data-block-name=\"woocommerce\/cart-accepted-payment-methods-block\" class=\"wp-block-woocommerce-cart-accepted-payment-methods-block\"><\/div>\n<\/div>\n<\/div>\n\n\n\n<div data-block-name=\"woocommerce\/empty-cart-block\" class=\"wp-block-woocommerce-empty-cart-block\">\n<h2 class=\"wp-block-heading has-text-align-center with-empty-cart-icon wc-block-cart__empty-cart__title\">Votre panier est actuellement vide\u00a0!<\/h2>\n\n\n\n<hr class=\"wp-block-separator has-alpha-channel-opacity is-style-dots\"\/>\n\n\n\n<h2 class=\"wp-block-heading has-text-align-center\">Nouveau dans la boutique<\/h2>\n\n\n<div data-block-name=\"woocommerce\/product-new\" data-columns=\"4\" data-rows=\"1\" class=\"wc-block-grid wp-block-product-new wp-block-woocommerce-product-new wc-block-product-new has-4-columns\"><ul class=\"wc-block-grid__products\"><li class=\"wc-block-grid__product\">\n\t\t\t\t<a href=\"https:\/\/winter-fest.eu\/new\/produit\/fancy-t-shirt\/\" class=\"wc-block-grid__product-link\">\n\t\t\t\t\t\n\t\t\t\t\t<div class=\"wc-block-grid__product-image\"><img loading=\"lazy\" decoding=\"async\" width=\"300\" height=\"300\" src=\"https:\/\/winter-fest.eu\/new\/wp-content\/uploads\/2017\/06\/shop-product-1-300x300.jpg\" class=\"attachment-woocommerce_thumbnail size-woocommerce_thumbnail\" alt=\"e\" srcset=\"https:\/\/winter-fest.eu\/new\/wp-content\/uploads\/2017\/06\/shop-product-1-300x300.jpg 300w, https:\/\/winter-fest.eu\/new\/wp-content\/uploads\/2017\/06\/shop-product-1-100x100.jpg 100w, https:\/\/winter-fest.eu\/new\/wp-content\/uploads\/2017\/06\/shop-product-1-150x150.jpg 150w, https:\/\/winter-fest.eu\/new\/wp-content\/uploads\/2017\/06\/shop-product-1-550x550.jpg 550w\" sizes=\"auto, (max-width: 300px) 100vw, 300px\" \/><\/div>\n\t\t\t\t\t<div class=\"wc-block-grid__product-title\">Fancy T-Shirt<\/div>\n\t\t\t\t<\/a>\n\t\t\t\t<div class=\"wc-block-grid__product-price price\"><span class=\"woocommerce-Price-amount amount\">334,00&nbsp;<span class=\"woocommerce-Price-currencySymbol\">&euro;<\/span><\/span><\/div>\n\t\t\t\t<div class=\"wc-block-grid__product-rating\"><div class=\"star-rating\" role=\"img\" aria-label=\"Note 5.00 sur 5\"><span style=\"width:100%\">Not\u00e9 <strong class=\"rating\">5.00<\/strong> sur 5 bas\u00e9 sur <span class=\"rating\">1<\/span> notation client<\/span><\/div><\/div>\n\t\t\t\t<div class=\"wp-block-button wc-block-grid__product-add-to-cart\"><a href=\"\/new\/wp-json\/wp\/v2\/pages\/7899?add-to-cart=5865\" aria-label=\"Ajouter au panier\u00a0: &ldquo;Fancy T-Shirt&rdquo;\" data-quantity=\"1\" data-product_id=\"5865\" data-product_sku=\"001\" data-price=\"334\" rel=\"nofollow\" class=\"wp-block-button__link  add_to_cart_button ajax_add_to_cart\">Ajouter au panier<\/a><\/div>\n\t\t\t<\/li><li class=\"wc-block-grid__product\">\n\t\t\t\t<a href=\"https:\/\/winter-fest.eu\/new\/produit\/new-posters\/\" class=\"wc-block-grid__product-link\">\n\t\t\t\t\t<div class=\"wc-block-grid__product-onsale\">\n\t\t\t<span aria-hidden=\"true\">Promo<\/span>\n\t\t\t<span class=\"screen-reader-text\">Produit en promotion<\/span>\n\t\t<\/div>\n\t\t\t\t\t<div class=\"wc-block-grid__product-image\"><img loading=\"lazy\" decoding=\"async\" width=\"300\" height=\"300\" src=\"https:\/\/winter-fest.eu\/new\/wp-content\/uploads\/2017\/06\/shop-product-2-300x300.jpg\" class=\"attachment-woocommerce_thumbnail size-woocommerce_thumbnail\" alt=\"r\" srcset=\"https:\/\/winter-fest.eu\/new\/wp-content\/uploads\/2017\/06\/shop-product-2-300x300.jpg 300w, https:\/\/winter-fest.eu\/new\/wp-content\/uploads\/2017\/06\/shop-product-2-100x100.jpg 100w, https:\/\/winter-fest.eu\/new\/wp-content\/uploads\/2017\/06\/shop-product-2-150x150.jpg 150w, https:\/\/winter-fest.eu\/new\/wp-content\/uploads\/2017\/06\/shop-product-2-550x550.jpg 550w\" sizes=\"auto, (max-width: 300px) 100vw, 300px\" \/><\/div>\n\t\t\t\t\t<div class=\"wc-block-grid__product-title\">New Posters<\/div>\n\t\t\t\t<\/a>\n\t\t\t\t<div class=\"wc-block-grid__product-price price\"><span class=\"woocommerce-Price-amount amount\" aria-hidden=\"true\">17,00&nbsp;<span class=\"woocommerce-Price-currencySymbol\">&euro;<\/span><\/span> <span aria-hidden=\"true\">\u00a0\u2013\u00a0<\/span> <span class=\"woocommerce-Price-amount amount\" aria-hidden=\"true\">26,00&nbsp;<span class=\"woocommerce-Price-currencySymbol\">&euro;<\/span><\/span><span class=\"screen-reader-text\">Plage de prix\u00a0: 17,00&nbsp;&euro; \u00e0 26,00&nbsp;&euro;<\/span><\/div>\n\t\t\t\t<div class=\"wc-block-grid__product-rating\"><div class=\"star-rating\" role=\"img\" aria-label=\"Note 5.00 sur 5\"><span style=\"width:100%\">Not\u00e9 <strong class=\"rating\">5.00<\/strong> sur 5 bas\u00e9 sur <span class=\"rating\">1<\/span> notation client<\/span><\/div><\/div>\n\t\t\t\t<div class=\"wp-block-button wc-block-grid__product-add-to-cart\"><a href=\"https:\/\/winter-fest.eu\/new\/produit\/new-posters\/\" aria-label=\"S\u00e9lectionner les options pour &ldquo;New Posters&rdquo;\" data-quantity=\"1\" data-product_id=\"2442\" data-product_sku=\"050\" data-price=\"17\" rel=\"nofollow\" class=\"wp-block-button__link  add_to_cart_button\">Choix des options<\/a><\/div>\n\t\t\t<\/li><li class=\"wc-block-grid__product\">\n\t\t\t\t<a href=\"https:\/\/winter-fest.eu\/new\/produit\/little-book\/\" class=\"wc-block-grid__product-link\">\n\t\t\t\t\t\n\t\t\t\t\t<div class=\"wc-block-grid__product-image\"><img loading=\"lazy\" decoding=\"async\" width=\"300\" height=\"300\" src=\"https:\/\/winter-fest.eu\/new\/wp-content\/uploads\/2017\/06\/shop-product-3-300x300.jpg\" class=\"attachment-woocommerce_thumbnail size-woocommerce_thumbnail\" alt=\"t\" srcset=\"https:\/\/winter-fest.eu\/new\/wp-content\/uploads\/2017\/06\/shop-product-3-300x300.jpg 300w, https:\/\/winter-fest.eu\/new\/wp-content\/uploads\/2017\/06\/shop-product-3-100x100.jpg 100w, https:\/\/winter-fest.eu\/new\/wp-content\/uploads\/2017\/06\/shop-product-3-150x150.jpg 150w, https:\/\/winter-fest.eu\/new\/wp-content\/uploads\/2017\/06\/shop-product-3-550x550.jpg 550w\" sizes=\"auto, (max-width: 300px) 100vw, 300px\" \/><\/div>\n\t\t\t\t\t<div class=\"wc-block-grid__product-title\">Little Book<\/div>\n\t\t\t\t<\/a>\n\t\t\t\t<div class=\"wc-block-grid__product-price price\"><span class=\"woocommerce-Price-amount amount\">150,00&nbsp;<span class=\"woocommerce-Price-currencySymbol\">&euro;<\/span><\/span><\/div>\n\t\t\t\t<div class=\"wc-block-grid__product-rating\"><div class=\"star-rating\" role=\"img\" aria-label=\"Note 5.00 sur 5\"><span style=\"width:100%\">Not\u00e9 <strong class=\"rating\">5.00<\/strong> sur 5 bas\u00e9 sur <span class=\"rating\">1<\/span> notation client<\/span><\/div><\/div>\n\t\t\t\t<div class=\"wp-block-button wc-block-grid__product-add-to-cart\"><a href=\"\/new\/wp-json\/wp\/v2\/pages\/7899?add-to-cart=5872\" aria-label=\"Ajouter au panier\u00a0: &ldquo;Little Book&rdquo;\" data-quantity=\"1\" data-product_id=\"5872\" data-product_sku=\"003\" data-price=\"150\" rel=\"nofollow\" class=\"wp-block-button__link  add_to_cart_button ajax_add_to_cart\">Ajouter au panier<\/a><\/div>\n\t\t\t<\/li><li class=\"wc-block-grid__product\">\n\t\t\t\t<a href=\"https:\/\/winter-fest.eu\/new\/produit\/bag-for-shopping\/\" class=\"wc-block-grid__product-link\">\n\t\t\t\t\t\n\t\t\t\t\t<div class=\"wc-block-grid__product-image\"><img loading=\"lazy\" decoding=\"async\" width=\"300\" height=\"300\" src=\"https:\/\/winter-fest.eu\/new\/wp-content\/uploads\/2017\/06\/shop-product-12-300x300.jpg\" class=\"attachment-woocommerce_thumbnail size-woocommerce_thumbnail\" alt=\"h\" srcset=\"https:\/\/winter-fest.eu\/new\/wp-content\/uploads\/2017\/06\/shop-product-12-300x300.jpg 300w, https:\/\/winter-fest.eu\/new\/wp-content\/uploads\/2017\/06\/shop-product-12-100x100.jpg 100w, https:\/\/winter-fest.eu\/new\/wp-content\/uploads\/2017\/06\/shop-product-12-150x150.jpg 150w, https:\/\/winter-fest.eu\/new\/wp-content\/uploads\/2017\/06\/shop-product-12-550x550.jpg 550w\" sizes=\"auto, (max-width: 300px) 100vw, 300px\" \/><\/div>\n\t\t\t\t\t<div class=\"wc-block-grid__product-title\">Bag For Shopping<\/div>\n\t\t\t\t<\/a>\n\t\t\t\t<div class=\"wc-block-grid__product-price price\"><span class=\"woocommerce-Price-amount amount\">140,00&nbsp;<span class=\"woocommerce-Price-currencySymbol\">&euro;<\/span><\/span><\/div>\n\t\t\t\t<div class=\"wc-block-grid__product-rating\"><div class=\"star-rating\" role=\"img\" aria-label=\"Note 5.00 sur 5\"><span style=\"width:100%\">Not\u00e9 <strong class=\"rating\">5.00<\/strong> sur 5 bas\u00e9 sur <span class=\"rating\">1<\/span> notation client<\/span><\/div><\/div>\n\t\t\t\t<div class=\"wp-block-button wc-block-grid__product-add-to-cart\"><a href=\"https:\/\/winter-fest.eu\/new\/produit\/bag-for-shopping\/\" aria-label=\"En savoir plus sur &ldquo;Bag For Shopping&rdquo;\" data-quantity=\"1\" data-product_id=\"5954\" data-product_sku=\"004\" data-price=\"140\" rel=\"nofollow\" class=\"wp-block-button__link  add_to_cart_button\">Lire la suite<\/a><\/div>\n\t\t\t<\/li><\/ul><\/div><\/div>\n<\/div>\n","protected":false},"excerpt":{"rendered":"Vous serez peut-\u00eatre int\u00e9ress\u00e9 par&hellip; Votre panier est actuellement vide\u00a0! Nouveau dans la boutique","protected":false},"author":1,"featured_media":0,"parent":0,"menu_order":0,"comment_status":"closed","ping_status":"closed","template":"","meta":{"footnotes":""},"class_list":["post-7899","page","type-page","status-publish","hentry"],"_links":{"self":[{"href":"https:\/\/winter-fest.eu\/new\/wp-json\/wp\/v2\/pages\/7899","targetHints":{"allow":["GET"]}}],"collection":[{"href":"https:\/\/winter-fest.eu\/new\/wp-json\/wp\/v2\/pages"}],"about":[{"href":"https:\/\/winter-fest.eu\/new\/wp-json\/wp\/v2\/types\/page"}],"author":[{"embeddable":true,"href":"https:\/\/winter-fest.eu\/new\/wp-json\/wp\/v2\/users\/1"}],"replies":[{"embeddable":true,"href":"https:\/\/winter-fest.eu\/new\/wp-json\/wp\/v2\/comments?post=7899"}],"version-history":[{"count":1,"href":"https:\/\/winter-fest.eu\/new\/wp-json\/wp\/v2\/pages\/7899\/revisions"}],"predecessor-version":[{"id":7933,"href":"https:\/\/winter-fest.eu\/new\/wp-json\/wp\/v2\/pages\/7899\/revisions\/7933"}],"wp:attachment":[{"href":"https:\/\/winter-fest.eu\/new\/wp-json\/wp\/v2\/media?parent=7899"}],"curies":[{"name":"wp","href":"https:\/\/api.w.org\/{rel}","templated":true}]}}