{"id":4813,"date":"2017-06-07T09:05:03","date_gmt":"2017-06-07T09:05:03","guid":{"rendered":"http:\/\/evently.mikado-themes.com\/?page_id=4813"},"modified":"2025-12-31T10:18:56","modified_gmt":"2025-12-31T09:18:56","slug":"event-info","status":"publish","type":"page","link":"https:\/\/winter-fest.eu\/new\/event-info\/","title":{"rendered":"INFOS PRATIQUES"},"content":{"rendered":"<div class=\"wpb-content-wrapper\"><p>[vc_row content_placement=\u00a0\u00bbmiddle\u00a0\u00bb row_content_width=\u00a0\u00bbgrid\u00a0\u00bb content_text_aligment=\u00a0\u00bbcenter\u00a0\u00bb css=\u00a0\u00bb.vc_custom_1497959122602{padding-top: 109px !important;padding-bottom: 66px !important;}\u00a0\u00bb][vc_column]<div class=\"mkdf-elements-holder   mkdf-one-column  mkdf-responsive-mode-768 \" ><div class=\"mkdf-eh-item    \"  data-item-class=\"mkdf-eh-custom-1857\" data-768-1024=\"0px 6%\" data-680-768=\"0px 7%\" data-680=\"0px 5%\">\n\t<div class=\"mkdf-eh-item-inner\">\n\t\t<div class=\"mkdf-eh-item-content mkdf-eh-custom-1857\" style=\"padding: 0px 18%\">\n\t\t\t<div class=\"mkdf-section-title-holder  \" style=\"text-align: center\">\n\t<div class=\"mkdf-st-inner\">\n\t\t\t\t\t\t\t<h2 class=\"mkdf-st-title\" style=\"color: #191919\">\n\t\t\t\tA propos\t\t\t\t<span class=\"mkdf-st-title-mark\" style=\"color: #ee0034\">.<\/span>\n\t\t\t<\/h2>\n\t\t\t\t\t\t\t<div class=\"mkdf-st-separator\" style=\"background-color: #356bf8\"><\/div>\n\t\t\t\t\t\t\t<h5 class=\"mkdf-st-subtitle\" style=\"color: #868686\">\n\t\t\t\tLe festival qui c\u00e9l\u00e8bre la Board Culture\t\t\t<\/h5>\n\t\t\t\t\t<\/div>\n<\/div>\t\t<\/div>\n\t<\/div>\n<\/div><\/div>[\/vc_column][\/vc_row][vc_row css=\u00a0\u00bb.vc_custom_1497959129874{padding-bottom: 88px !important;}\u00a0\u00bb][vc_column][vc_row_inner row_content_width=\u00a0\u00bbgrid\u00a0\u00bb][vc_column_inner offset=\u00a0\u00bbvc_col-lg-4 vc_col-md-12 vc_col-xs-12&Prime;]<div class=\"mkdf-elements-holder   mkdf-one-column  mkdf-responsive-mode-768 \" ><div class=\"mkdf-eh-item    \"  data-item-class=\"mkdf-eh-custom-3405\" data-768-1024=\"0px 8% 20px 0%\" data-680-768=\"0px 8% 20px 0%\" data-680=\"0px 6% 0px 0%\">\n\t<div class=\"mkdf-eh-item-inner\">\n\t\t<div class=\"mkdf-eh-item-content mkdf-eh-custom-3405\" style=\"padding: 0px 8% 0px 0%\">\n\t\t\t<div class=\"mkdf-iwt clearfix    mkdf-iwt-icon-left mkdf-iwt-icon-medium\" >\n\t<div class=\"mkdf-iwt-icon\">\n\t\t\t\t\t\t\t\t\t<img loading=\"lazy\" decoding=\"async\" width=\"50\" height=\"52\" src=\"https:\/\/winter-fest.eu\/new\/wp-content\/uploads\/2025\/12\/LOGO-WINTER-FEST-mobile-e1767094407995.png\" class=\"attachment-full size-full\" alt=\"\" \/>\t\t\t\t\t\t<\/div>\n\t<div class=\"mkdf-iwt-content\" style=\"padding-left: 21px\">\n\t\t\t\t\t<h4 class=\"mkdf-iwt-title\" >\n\t\t\t\t\t\t\t\t<span class=\"mkdf-iwt-title-text\">Winter Festival ?<\/span>\n\t\t\t\t\t\t\t<\/h4>\n\t\t\t\t\t\t\t<p class=\"mkdf-iwt-text\" >WINTER FEST est un \u00e9v\u00e9nement culturel et artistique d\u00e9di\u00e9 \u00e0 la promotion de la Board Culture. Ouvert au public, le festival accueille des expositions d\u2019\u0153uvres d\u2019art et de photos, des projections de films de snowboard, une Master Class photo, des initiations au snowboard et bien plus encore.<\/p>\n\t\t\t<\/div>\n<\/div>\t\t<\/div>\n\t<\/div>\n<\/div><\/div>[vc_empty_space][\/vc_column_inner][vc_column_inner offset=\u00a0\u00bbvc_col-lg-4 vc_col-md-12 vc_col-xs-12&Prime;]<div class=\"mkdf-elements-holder   mkdf-one-column  mkdf-responsive-mode-768 \" ><div class=\"mkdf-eh-item    \"  data-item-class=\"mkdf-eh-custom-5108\" data-768-1024=\"0px 7% 20px 0%\" data-680-768=\"0px 7% 20px 0%\" data-680=\"0px 4% 0px 0%\">\n\t<div class=\"mkdf-eh-item-inner\">\n\t\t<div class=\"mkdf-eh-item-content mkdf-eh-custom-5108\" style=\"padding: 0px 7% 0px 0%\">\n\t\t\t<div class=\"mkdf-iwt clearfix    mkdf-iwt-icon-left mkdf-iwt-icon-medium\" >\n\t<div class=\"mkdf-iwt-icon\">\n\t\t\t\t\t\t\t\t\t<img loading=\"lazy\" decoding=\"async\" width=\"50\" height=\"50\" src=\"https:\/\/winter-fest.eu\/new\/wp-content\/uploads\/2025\/12\/calendrier-e1767090590672.png\" class=\"attachment-full size-full\" alt=\"\" \/>\t\t\t\t\t\t<\/div>\n\t<div class=\"mkdf-iwt-content\" style=\"padding-left: 21px\">\n\t\t\t\t\t<h4 class=\"mkdf-iwt-title\" >\n\t\t\t\t\t\t\t\t<span class=\"mkdf-iwt-title-text\">O\u00f9 et quand ?<\/span>\n\t\t\t\t\t\t\t<\/h4>\n\t\t\t\t\t\t\t<p class=\"mkdf-iwt-text\" >La premi\u00e8re \u00e9dition du Winter Festival aura lieu du 10 au 13 Janvier \u00e0 Tignes le lac.Les expositions seront install\u00e9es dans le Hall de Tignespace ainsi qu&#039;une partie de l&#039;exposition Board Culture exposure. Les films de snowboard seront projet\u00e9s dans l&#039;auditorium et d&#039;autres animations seront accessibles sur le front de neige \u00e0 Tignes le lac.<\/p>\n\t\t\t<\/div>\n<\/div>\t\t<\/div>\n\t<\/div>\n<\/div><\/div>[vc_empty_space][\/vc_column_inner][vc_column_inner offset=\u00a0\u00bbvc_col-lg-4 vc_col-md-12 vc_col-xs-12&Prime;]<div class=\"mkdf-elements-holder   mkdf-one-column  mkdf-responsive-mode-768 \" ><div class=\"mkdf-eh-item    \"  data-item-class=\"mkdf-eh-custom-7615\" data-680=\"0px 2% 0px 0%\">\n\t<div class=\"mkdf-eh-item-inner\">\n\t\t<div class=\"mkdf-eh-item-content mkdf-eh-custom-7615\" style=\"padding: 0px 7% 0px 0%\">\n\t\t\t<div class=\"mkdf-iwt clearfix    mkdf-iwt-icon-left mkdf-iwt-icon-medium\" >\n\t<div class=\"mkdf-iwt-icon\">\n\t\t\t\t\t\t\t\t\t<img loading=\"lazy\" decoding=\"async\" width=\"50\" height=\"50\" src=\"https:\/\/winter-fest.eu\/new\/wp-content\/uploads\/2025\/12\/billets-davion-e1767090611159.png\" class=\"attachment-full size-full\" alt=\"\" \/>\t\t\t\t\t\t<\/div>\n\t<div class=\"mkdf-iwt-content\" style=\"padding-left: 21px\">\n\t\t\t\t\t<h4 class=\"mkdf-iwt-title\" >\n\t\t\t\t\t\t\t\t<span class=\"mkdf-iwt-title-text\">Billetterie<\/span>\n\t\t\t\t\t\t\t<\/h4>\n\t\t\t\t\t\t\t<p class=\"mkdf-iwt-text\" >L&#039;acc\u00e8s \u00e0 l&#039;\u00e9v\u00e9nement est gratuit except\u00e9 la participation \u00e0 la Master class et les s\u00e9ances de cin\u00e9ma. Participez \u00e0 une journ\u00e9e de formation aux techniques de la photo d\u2019action de snowboard. 2 photographes pro&#039; et de nombreux athl\u00e8tes. Une s\u00e9lection des meilleures productions annuelles de films de snowboard sera projet\u00e9e Samedi Dimanche et lundi entre 17:00 et 19:00<\/p>\n\t\t\t<\/div>\n<\/div>\t\t<\/div>\n\t<\/div>\n<\/div><\/div>[vc_empty_space][\/vc_column_inner][\/vc_row_inner][\/vc_column][\/vc_row][vc_row content_placement=\u00a0\u00bbmiddle\u00a0\u00bb parallax_background_image=\u00a0\u00bb8258&Prime; parallax_bg_height=\u00a0\u00bb510&Prime; css=\u00a0\u00bb.vc_custom_1767110074795{padding-top: -10px !important;}\u00a0\u00bb][vc_column]<div class=\"mkdf-elements-holder   mkdf-one-column  mkdf-responsive-mode-768 \" ><div class=\"mkdf-eh-item    \"  data-item-class=\"mkdf-eh-custom-3459\" data-768-1024=\"100px 0% 0px 0%\" data-680-768=\"95px 2% 0px 2%\" data-680=\"100px 0% 0px 0%\">\n\t<div class=\"mkdf-eh-item-inner\">\n\t\t<div class=\"mkdf-eh-item-content mkdf-eh-custom-3459\" style=\"padding: 0px 0% 0px 0%\">\n\t\t\t<div class=\"mkdf-section-title-holder  \" style=\"text-align: center\">\n\t<div class=\"mkdf-st-inner\">\n\t\t\t\t\t\t\t<h2 class=\"mkdf-st-title\" style=\"color: #ffffff\">\n\t\t\t\tAcc\u00e8s Billetterie\t\t\t\t<span class=\"mkdf-st-title-mark\" >.<\/span>\n\t\t\t<\/h2>\n\t\t\t\t\t\t\t<div class=\"mkdf-st-separator\" style=\"background-color: #ffffff\"><\/div>\n\t\t\t\t\t\t\t<\/div>\n<\/div>\t\t<\/div>\n\t<\/div>\n<\/div><\/div><div class=\"mkdf-elements-holder   mkdf-one-column  mkdf-responsive-mode-768 mkdf-one-column-alignment-center\" ><div class=\"mkdf-eh-item   mkdf-horizontal-alignment-center \"  data-item-class=\"mkdf-eh-custom-7971\" data-1280-1600=\"0px 26% 18px\" data-1024-1280=\"0px 26% 18px\" data-768-1024=\"0px 22% 120px\" data-680-768=\"0px 21% 115px\" data-680=\"0px 13% 125px\">\n\t<div class=\"mkdf-eh-item-inner\">\n\t\t<div class=\"mkdf-eh-item-content mkdf-eh-custom-7971\" style=\"padding: 0px 31% 18px\">\n\t\t\t<div class=\"mkdf-section-title-holder  \" >\n\t<div class=\"mkdf-st-inner\">\n\t\t\t\t\t\t\t\t\t\t\t<h5 class=\"mkdf-st-subtitle\" style=\"color: #ffffff\">\n\t\t\t\tParticipez \u00e0 la Master class photo ou commander une place de cin\u00e9 pour une des s\u00e9ances : Samedi, Dimanche ou Lundi\t\t\t<\/h5>\n\t\t\t\t\t<\/div>\n<\/div>[vc_empty_space height=\u00a0\u00bb40px\u00a0\u00bb]<a itemprop=\"url\" href=\"https:\/\/winter-fest.eu\/new\/billeterie\/\" target=\"_blank\" style=\"background-color: #ee0034;border-color: rgba(0,0,0,0.01)\" class=\"mkdf-btn mkdf-btn-medium mkdf-btn-solid mkdf-btn-custom-hover-bg mkdf-btn-custom-border-hover\" data-hover-bg-color=\"#356bf8\" data-hover-border-color=\"rgba(0,0,0,0.01)\" >\n    \t<span class=\"mkdf-btn-text\">billets<\/span>\n\t        \t<\/a>\t\t<\/div>\n\t<\/div>\n<\/div><\/div>[\/vc_column][\/vc_row][vc_row content_placement=\u00a0\u00bbmiddle\u00a0\u00bb row_content_width=\u00a0\u00bbgrid\u00a0\u00bb content_text_aligment=\u00a0\u00bbcenter\u00a0\u00bb css=\u00a0\u00bb.vc_custom_1496832545474{padding-top: 119px !important;padding-bottom: 66px !important;}\u00a0\u00bb][vc_column]<div class=\"mkdf-elements-holder   mkdf-one-column  mkdf-responsive-mode-768 \" ><div class=\"mkdf-eh-item    \"  data-item-class=\"mkdf-eh-custom-6147\" data-768-1024=\"0px 12%\" data-680-768=\"0px 13%\" data-680=\"0px 0%\">\n\t<div class=\"mkdf-eh-item-inner\">\n\t\t<div class=\"mkdf-eh-item-content mkdf-eh-custom-6147\" style=\"padding: 0px 23%\">\n\t\t\t<div class=\"mkdf-section-title-holder  \" style=\"text-align: center\">\n\t<div class=\"mkdf-st-inner\">\n\t\t\t\t\t<h6 class=\"mkdf-st-tagline\" >\n\t\t\t\tOU NOUS TROUVER ?\t\t\t<\/h6>\n\t\t\t\t\t\t\t<h2 class=\"mkdf-st-title\" style=\"color: #191919\">\n\t\t\t\tPLAN\t\t\t\t<span class=\"mkdf-st-title-mark\" style=\"color: #ee0034\">.<\/span>\n\t\t\t<\/h2>\n\t\t\t\t\t\t\t<div class=\"mkdf-st-separator\" style=\"background-color: #356bf8\"><\/div>\n\t\t\t\t\t\t\t<\/div>\n<\/div>[vc_single_image image=\u00a0\u00bb8106&Prime; img_size=\u00a0\u00bbfull\u00a0\u00bb css=\u00a0\u00bb\u00a0\u00bb]\t\t<\/div>\n\t<\/div>\n<\/div><\/div>[\/vc_column][\/vc_row][vc_row][vc_column]<div class=\"mkdf-team-list-holder mkdf-tl-no-space mkdf-tl-five-columns\">\n\t<div class=\"mkdf-tl-inner \" data-number-of-items=\"5\" data-enable-navigation=\"no\" data-enable-pagination=\"no\">\n\t\tSorry, no posts matched your criteria.\t<\/div>\n<\/div>[\/vc_column][\/vc_row]<\/p>\n<\/div>","protected":false},"excerpt":{"rendered":"<p>[vc_row content_placement=\u00a0\u00bbmiddle\u00a0\u00bb row_content_width=\u00a0\u00bbgrid\u00a0\u00bb content_text_aligment=\u00a0\u00bbcenter\u00a0\u00bb css=\u00a0\u00bb.vc_custom_1497959122602{padding-top: 109px !important;padding-bottom: 66px !important;}\u00a0\u00bb][vc_column][\/vc_column][\/vc_row][vc_row css=\u00a0\u00bb.vc_custom_1497959129874{padding-bottom: 88px !important;}\u00a0\u00bb][vc_column][vc_row_inner row_content_width=\u00a0\u00bbgrid\u00a0\u00bb][vc_column_inner offset=\u00a0\u00bbvc_col-lg-4 vc_col-md-12 vc_col-xs-12&Prime;][vc_empty_space][\/vc_column_inner][vc_column_inner offset=\u00a0\u00bbvc_col-lg-4 vc_col-md-12 vc_col-xs-12&Prime;][vc_empty_space][\/vc_column_inner][vc_column_inner offset=\u00a0\u00bbvc_col-lg-4 vc_col-md-12 vc_col-xs-12&Prime;][vc_empty_space][\/vc_column_inner][\/vc_row_inner][\/vc_column][\/vc_row][vc_row content_placement=\u00a0\u00bbmiddle\u00a0\u00bb parallax_background_image=\u00a0\u00bb8258&Prime; parallax_bg_height=\u00a0\u00bb510&Prime; css=\u00a0\u00bb.vc_custom_1767110074795{padding-top: -10px !important;}\u00a0\u00bb][vc_column][\/vc_column][\/vc_row][vc_row content_placement=\u00a0\u00bbmiddle\u00a0\u00bb row_content_width=\u00a0\u00bbgrid\u00a0\u00bb content_text_aligment=\u00a0\u00bbcenter\u00a0\u00bb css=\u00a0\u00bb.vc_custom_1496832545474{padding-top: 119px !important;padding-bottom: 66px !important;}\u00a0\u00bb][vc_column][\/vc_column][\/vc_row][vc_row][vc_column][\/vc_column][\/vc_row]<\/p>\n","protected":false},"author":1,"featured_media":0,"parent":0,"menu_order":0,"comment_status":"closed","ping_status":"closed","template":"full-width.php","meta":{"footnotes":""},"class_list":["post-4813","page","type-page","status-publish","hentry"],"_links":{"self":[{"href":"https:\/\/winter-fest.eu\/new\/wp-json\/wp\/v2\/pages\/4813","targetHints":{"allow":["GET"]}}],"collection":[{"href":"https:\/\/winter-fest.eu\/new\/wp-json\/wp\/v2\/pages"}],"about":[{"href":"https:\/\/winter-fest.eu\/new\/wp-json\/wp\/v2\/types\/page"}],"author":[{"embeddable":true,"href":"https:\/\/winter-fest.eu\/new\/wp-json\/wp\/v2\/users\/1"}],"replies":[{"embeddable":true,"href":"https:\/\/winter-fest.eu\/new\/wp-json\/wp\/v2\/comments?post=4813"}],"version-history":[{"count":27,"href":"https:\/\/winter-fest.eu\/new\/wp-json\/wp\/v2\/pages\/4813\/revisions"}],"predecessor-version":[{"id":8329,"href":"https:\/\/winter-fest.eu\/new\/wp-json\/wp\/v2\/pages\/4813\/revisions\/8329"}],"wp:attachment":[{"href":"https:\/\/winter-fest.eu\/new\/wp-json\/wp\/v2\/media?parent=4813"}],"curies":[{"name":"wp","href":"https:\/\/api.w.org\/{rel}","templated":true}]}}