{"id":4699,"date":"2017-06-06T12:26:56","date_gmt":"2017-06-06T12:26:56","guid":{"rendered":"http:\/\/evently.mikado-themes.com\/?page_id=4699"},"modified":"2025-12-30T17:49:13","modified_gmt":"2025-12-30T16:49:13","slug":"billeterie","status":"publish","type":"page","link":"https:\/\/winter-fest.eu\/new\/billeterie\/","title":{"rendered":"BILLETTERIE"},"content":{"rendered":"<div class=\"wpb-content-wrapper\"><p>[vc_row content_placement=\u00a0\u00bbmiddle\u00a0\u00bb row_content_width=\u00a0\u00bbgrid\u00a0\u00bb content_text_aligment=\u00a0\u00bbcenter\u00a0\u00bb css=\u00a0\u00bb.vc_custom_1496823418292{padding-top: 119px !important;}\u00a0\u00bb][vc_column]<div class=\"mkdf-section-title-holder  \" style=\"text-align: center\">\n\t<div class=\"mkdf-st-inner\">\n\t\t\t\t\t<h6 class=\"mkdf-st-tagline\" >\n\t\t\t\tIl n'y en aura pas pour tout le monde\t\t\t<\/h6>\n\t\t\t\t\t\t\t<h2 class=\"mkdf-st-title\" style=\"color: #191919\">\n\t\t\t\tAchetez vos billets ou r\u00e9servez vos places\t\t\t\t<span class=\"mkdf-st-title-mark\" style=\"color: #ee0034\">.<\/span>\n\t\t\t<\/h2>\n\t\t\t\t\t\t\t<div class=\"mkdf-st-separator\" style=\"background-color: #356bf8\"><\/div>\n\t\t\t\t\t\t\t<\/div>\n<\/div>[vc_empty_space height=\u00a0\u00bb73px\u00a0\u00bb][\/vc_column][\/vc_row][vc_row row_content_width=\u00a0\u00bbgrid\u00a0\u00bb css=\u00a0\u00bb.vc_custom_1496756123905{padding-bottom: 100px !important;}\u00a0\u00bb][vc_column]<div class=\"mkdf-pricing-tables clearfix mkdf-three-columns mkdf-pt-normal-space\"><div class=\"mkdf-pt-wrapper\"><div class=\"mkdf-price-table  mkdf-pt-simple-with-icon \">\n\t<div class=\"mkdf-pt-inner\">\n\t\t\t\t\t\t\t<div class=\"mkdf-pt-icon\">\n\t\t\t\t<img loading=\"lazy\" decoding=\"async\" width=\"2072\" height=\"2560\" src=\"https:\/\/winter-fest.eu\/new\/wp-content\/uploads\/2025\/12\/AFFICHE-WINTER-FEST-2026-297X420-Mise-en-page-2-FILM-2-scaled.png\" class=\"attachment-full size-full\" alt=\"\" srcset=\"https:\/\/winter-fest.eu\/new\/wp-content\/uploads\/2025\/12\/AFFICHE-WINTER-FEST-2026-297X420-Mise-en-page-2-FILM-2-scaled.png 2072w, https:\/\/winter-fest.eu\/new\/wp-content\/uploads\/2025\/12\/AFFICHE-WINTER-FEST-2026-297X420-Mise-en-page-2-FILM-2-243x300.png 243w, https:\/\/winter-fest.eu\/new\/wp-content\/uploads\/2025\/12\/AFFICHE-WINTER-FEST-2026-297X420-Mise-en-page-2-FILM-2-829x1024.png 829w, https:\/\/winter-fest.eu\/new\/wp-content\/uploads\/2025\/12\/AFFICHE-WINTER-FEST-2026-297X420-Mise-en-page-2-FILM-2-768x949.png 768w, https:\/\/winter-fest.eu\/new\/wp-content\/uploads\/2025\/12\/AFFICHE-WINTER-FEST-2026-297X420-Mise-en-page-2-FILM-2-1243x1536.png 1243w, https:\/\/winter-fest.eu\/new\/wp-content\/uploads\/2025\/12\/AFFICHE-WINTER-FEST-2026-297X420-Mise-en-page-2-FILM-2-1658x2048.png 1658w, https:\/\/winter-fest.eu\/new\/wp-content\/uploads\/2025\/12\/AFFICHE-WINTER-FEST-2026-297X420-Mise-en-page-2-FILM-2-600x741.png 600w\" sizes=\"auto, (max-width: 2072px) 100vw, 2072px\" \/>\t\t\t<\/div>\n\t\t\t\t<h4 class=\"mkdf-pt-title\">S\u00e9ances cin\u00e9ma<\/h4>\n\t\t<div class=\"mkdf-pt-content\">\n\t\t\tAssistez aux s\u00e9ances de projection des films 2026 en avant premi\u00e8re \u00e0 l&rsquo;Auditorium de Tignespace. 3 s\u00e9ances, Samedi \/ Dimanche\/ Lundi\t\t<\/div>\n\t\t<div class=\"mkdf-pt-button-price\">\n\t\t\t\t\t\t\t<div class=\"mkdf-pt-button\">\n\t\t\t\t\t<a itemprop=\"url\" href=\"https:\/\/reservation.tignes.net\/festival-winterfest-tignes.html\" target=\"_self\"  class=\"mkdf-btn mkdf-btn-medium mkdf-btn-simple\"  >    \t<span class=\"mkdf-btn-text\">Acheter ma place<\/span>\t        \t<\/a>\t\t\t\t<\/div>\n\t\t\t\t\t\t<div class=\"mkdf-pt-prices\">\n\t\t\t\t<span class=\"mkdf-pt-value\">\u20ac<\/span>\n\t\t\t\t<span class=\"mkdf-pt-price\">\u00e0 partir de 5\u20ac<\/span>\n\t\t\t<\/div>\n\t\t<\/div>\n\t<\/div>\n<\/div><div class=\"mkdf-price-table  mkdf-pt-simple-with-icon \">\n\t<div class=\"mkdf-pt-inner\">\n\t\t\t\t\t\t\t<div class=\"mkdf-pt-icon\">\n\t\t\t\t<img loading=\"lazy\" decoding=\"async\" width=\"2079\" height=\"2560\" src=\"https:\/\/winter-fest.eu\/new\/wp-content\/uploads\/2025\/12\/AFFICHE-WINTER-FEST-2026-297X420-Mise-en-page-4-MASTER-CLASS-2-scaled.png\" class=\"attachment-full size-full\" alt=\"\" srcset=\"https:\/\/winter-fest.eu\/new\/wp-content\/uploads\/2025\/12\/AFFICHE-WINTER-FEST-2026-297X420-Mise-en-page-4-MASTER-CLASS-2-scaled.png 2079w, https:\/\/winter-fest.eu\/new\/wp-content\/uploads\/2025\/12\/AFFICHE-WINTER-FEST-2026-297X420-Mise-en-page-4-MASTER-CLASS-2-244x300.png 244w, https:\/\/winter-fest.eu\/new\/wp-content\/uploads\/2025\/12\/AFFICHE-WINTER-FEST-2026-297X420-Mise-en-page-4-MASTER-CLASS-2-832x1024.png 832w, https:\/\/winter-fest.eu\/new\/wp-content\/uploads\/2025\/12\/AFFICHE-WINTER-FEST-2026-297X420-Mise-en-page-4-MASTER-CLASS-2-768x946.png 768w, https:\/\/winter-fest.eu\/new\/wp-content\/uploads\/2025\/12\/AFFICHE-WINTER-FEST-2026-297X420-Mise-en-page-4-MASTER-CLASS-2-1247x1536.png 1247w, https:\/\/winter-fest.eu\/new\/wp-content\/uploads\/2025\/12\/AFFICHE-WINTER-FEST-2026-297X420-Mise-en-page-4-MASTER-CLASS-2-1663x2048.png 1663w, https:\/\/winter-fest.eu\/new\/wp-content\/uploads\/2025\/12\/AFFICHE-WINTER-FEST-2026-297X420-Mise-en-page-4-MASTER-CLASS-2-600x739.png 600w\" sizes=\"auto, (max-width: 2079px) 100vw, 2079px\" \/>\t\t\t<\/div>\n\t\t\t\t<h4 class=\"mkdf-pt-title\">Masterclass photos<\/h4>\n\t\t<div class=\"mkdf-pt-content\">\n\t\t\tParticipez \u00e0 une journ\u00e9e de formation aux techniques de photographie d&rsquo;action en snowboard.\t\t<\/div>\n\t\t<div class=\"mkdf-pt-button-price\">\n\t\t\t\t\t\t\t<div class=\"mkdf-pt-button\">\n\t\t\t\t\t<a itemprop=\"url\" href=\"https:\/\/my.weezevent.com\/master-class-snowboarding-photo\" target=\"_self\"  class=\"mkdf-btn mkdf-btn-medium mkdf-btn-simple\"  >    \t<span class=\"mkdf-btn-text\">Acheter ma place<\/span>\t        \t<\/a>\t\t\t\t<\/div>\n\t\t\t\t\t\t<div class=\"mkdf-pt-prices\">\n\t\t\t\t<span class=\"mkdf-pt-value\">\u20ac<\/span>\n\t\t\t\t<span class=\"mkdf-pt-price\">\u00e0 partir de 150\u20ac<\/span>\n\t\t\t<\/div>\n\t\t<\/div>\n\t<\/div>\n<\/div><div class=\"mkdf-price-table  mkdf-pt-simple-with-icon mkdf-pt-active\">\n\t<div class=\"mkdf-pt-inner\">\n\t\t\t\t\t<div class=\"mkdf-pt-active-mark\"><\/div>\n\t\t\t\t\t\t\t<div class=\"mkdf-pt-icon\">\n\t\t\t\t<img loading=\"lazy\" decoding=\"async\" width=\"2079\" height=\"2560\" src=\"https:\/\/winter-fest.eu\/new\/wp-content\/uploads\/2025\/12\/AFFICHE-WINTER-FEST-2026-297X420-Mise-en-page-3-COACHING-2-scaled.png\" class=\"attachment-full size-full\" alt=\"\" srcset=\"https:\/\/winter-fest.eu\/new\/wp-content\/uploads\/2025\/12\/AFFICHE-WINTER-FEST-2026-297X420-Mise-en-page-3-COACHING-2-scaled.png 2079w, https:\/\/winter-fest.eu\/new\/wp-content\/uploads\/2025\/12\/AFFICHE-WINTER-FEST-2026-297X420-Mise-en-page-3-COACHING-2-244x300.png 244w, https:\/\/winter-fest.eu\/new\/wp-content\/uploads\/2025\/12\/AFFICHE-WINTER-FEST-2026-297X420-Mise-en-page-3-COACHING-2-832x1024.png 832w, https:\/\/winter-fest.eu\/new\/wp-content\/uploads\/2025\/12\/AFFICHE-WINTER-FEST-2026-297X420-Mise-en-page-3-COACHING-2-768x946.png 768w, https:\/\/winter-fest.eu\/new\/wp-content\/uploads\/2025\/12\/AFFICHE-WINTER-FEST-2026-297X420-Mise-en-page-3-COACHING-2-1247x1536.png 1247w, https:\/\/winter-fest.eu\/new\/wp-content\/uploads\/2025\/12\/AFFICHE-WINTER-FEST-2026-297X420-Mise-en-page-3-COACHING-2-1663x2048.png 1663w, https:\/\/winter-fest.eu\/new\/wp-content\/uploads\/2025\/12\/AFFICHE-WINTER-FEST-2026-297X420-Mise-en-page-3-COACHING-2-600x739.png 600w\" sizes=\"auto, (max-width: 2079px) 100vw, 2079px\" \/>\t\t\t<\/div>\n\t\t\t\t<h4 class=\"mkdf-pt-title\">Free coaching freestyle EVO2<\/h4>\n\t\t<div class=\"mkdf-pt-content\">\n\t\t\tPrenez un cours de freestyle, coach\u00e9 par des professionnels. Coaching par des moniteurs EVO 2 sur les modules du snowpark.<\/p>\n<p>Inscription au pr\u00e9alable aupr\u00e8s de Evo2 \u00e0 Tignes et en ligne\t\t<\/div>\n\t\t<div class=\"mkdf-pt-button-price\">\n\t\t\t\t\t\t\t<div class=\"mkdf-pt-button\">\n\t\t\t\t\t<a itemprop=\"url\" href=\"https:\/\/my.weezevent.com\/freestyle-snowboard-coaching\" target=\"_self\"  class=\"mkdf-btn mkdf-btn-medium mkdf-btn-simple\"  >    \t<span class=\"mkdf-btn-text\">Je r\u00e9serve<\/span>\t        \t<\/a>\t\t\t\t<\/div>\n\t\t\t\t\t\t<div class=\"mkdf-pt-prices\">\n\t\t\t\t<span class=\"mkdf-pt-value\">\u20ac<\/span>\n\t\t\t\t<span class=\"mkdf-pt-price\">0<\/span>\n\t\t\t<\/div>\n\t\t<\/div>\n\t<\/div>\n<\/div><\/div><\/div>[\/vc_column][\/vc_row]<\/p>\n<\/div>","protected":false},"excerpt":{"rendered":"<p>[vc_row content_placement=\u00a0\u00bbmiddle\u00a0\u00bb row_content_width=\u00a0\u00bbgrid\u00a0\u00bb content_text_aligment=\u00a0\u00bbcenter\u00a0\u00bb css=\u00a0\u00bb.vc_custom_1496823418292{padding-top: 119px !important;}\u00a0\u00bb][vc_column][vc_empty_space height=\u00a0\u00bb73px\u00a0\u00bb][\/vc_column][\/vc_row][vc_row row_content_width=\u00a0\u00bbgrid\u00a0\u00bb css=\u00a0\u00bb.vc_custom_1496756123905{padding-bottom: 100px !important;}\u00a0\u00bb][vc_column][\/vc_column][\/vc_row]<\/p>\n","protected":false},"author":1,"featured_media":0,"parent":0,"menu_order":0,"comment_status":"closed","ping_status":"closed","template":"full-width.php","meta":{"footnotes":""},"class_list":["post-4699","page","type-page","status-publish","hentry"],"_links":{"self":[{"href":"https:\/\/winter-fest.eu\/new\/wp-json\/wp\/v2\/pages\/4699","targetHints":{"allow":["GET"]}}],"collection":[{"href":"https:\/\/winter-fest.eu\/new\/wp-json\/wp\/v2\/pages"}],"about":[{"href":"https:\/\/winter-fest.eu\/new\/wp-json\/wp\/v2\/types\/page"}],"author":[{"embeddable":true,"href":"https:\/\/winter-fest.eu\/new\/wp-json\/wp\/v2\/users\/1"}],"replies":[{"embeddable":true,"href":"https:\/\/winter-fest.eu\/new\/wp-json\/wp\/v2\/comments?post=4699"}],"version-history":[{"count":17,"href":"https:\/\/winter-fest.eu\/new\/wp-json\/wp\/v2\/pages\/4699\/revisions"}],"predecessor-version":[{"id":8298,"href":"https:\/\/winter-fest.eu\/new\/wp-json\/wp\/v2\/pages\/4699\/revisions\/8298"}],"wp:attachment":[{"href":"https:\/\/winter-fest.eu\/new\/wp-json\/wp\/v2\/media?parent=4699"}],"curies":[{"name":"wp","href":"https:\/\/api.w.org\/{rel}","templated":true}]}}